{"id":2151,"date":"2023-06-28T14:48:37","date_gmt":"2023-06-28T14:48:37","guid":{"rendered":"https:\/\/projectbutterfly.eu\/?page_id=2151"},"modified":"2023-06-28T19:45:10","modified_gmt":"2023-06-28T19:45:10","slug":"opera-box","status":"publish","type":"page","link":"https:\/\/projectbutterfly.eu\/fi\/the-project\/opera-box\/","title":{"rendered":"Opera Box tuella"},"content":{"rendered":"<div data-elementor-type=\"wp-page\" data-elementor-id=\"2151\" class=\"elementor elementor-2151\" data-elementor-post-type=\"page\">\n\t\t\t\t<div class=\"elementor-element elementor-element-04c1df2 e-con-full e-flex e-con e-parent\" data-id=\"04c1df2\" data-element_type=\"container\" data-e-type=\"container\">\n\t\t<div class=\"elementor-element elementor-element-9a022bf e-con-full e-flex e-con e-parent\" data-id=\"9a022bf\" data-element_type=\"container\" data-e-type=\"container\">\n\t\t<div class=\"elementor-element elementor-element-9491232 e-flex e-con-boxed e-con e-parent\" data-id=\"9491232\" data-element_type=\"container\" data-e-type=\"container\" data-settings=\"{&quot;background_background&quot;:&quot;classic&quot;}\">\n\t\t\t\t\t<div class=\"e-con-inner\">\n\t\t\t\t<div class=\"elementor-element elementor-element-9347653 elementor-widget elementor-widget-heading\" data-id=\"9347653\" data-element_type=\"widget\" data-e-type=\"widget\" data-widget_type=\"heading.default\">\n\t\t\t\t<div class=\"elementor-widget-container\">\n\t\t\t\t\t<h2 class=\"elementor-heading-title elementor-size-default\">Opera Box tuella\n<br><br><br><\/h2>\t\t\t\t<\/div>\n\t\t\t\t<\/div>\n\t\t\t\t\t<\/div>\n\t\t\t\t<\/div>\n\t\t\t\t<\/div>\n\t\t\t\t<\/div>\n\t\t<div class=\"elementor-element elementor-element-cdf5fec e-flex e-con-boxed e-con e-parent\" data-id=\"cdf5fec\" data-element_type=\"container\" data-e-type=\"container\">\n\t\t\t\t\t<div class=\"e-con-inner\">\n\t\t<div class=\"elementor-element elementor-element-195cb9f e-flex e-con-boxed e-con e-parent\" data-id=\"195cb9f\" data-element_type=\"container\" data-e-type=\"container\">\n\t\t\t\t\t<div class=\"e-con-inner\">\n\t\t<div class=\"elementor-element elementor-element-a1a227a e-flex e-con-boxed e-con e-parent\" data-id=\"a1a227a\" data-element_type=\"container\" data-e-type=\"container\" data-settings=\"{&quot;background_background&quot;:&quot;classic&quot;}\">\n\t\t\t\t\t<div class=\"e-con-inner\">\n\t\t\t\t<div class=\"elementor-element elementor-element-7031583 elementor-icon-list--layout-traditional elementor-list-item-link-full_width elementor-widget elementor-widget-icon-list\" data-id=\"7031583\" data-element_type=\"widget\" data-e-type=\"widget\" data-widget_type=\"icon-list.default\">\n\t\t\t\t<div class=\"elementor-widget-container\">\n\t\t\t\t\t\t\t<ul class=\"elementor-icon-list-items\">\n\t\t\t\t\t\t\t<li class=\"elementor-icon-list-item\">\n\t\t\t\t\t\t\t\t\t\t\t<span class=\"elementor-icon-list-icon\">\n\t\t\t\t\t\t\t<i aria-hidden=\"true\" class=\"fas fa-map-marker-alt\"><\/i>\t\t\t\t\t\t<\/span>\n\t\t\t\t\t\t\t\t\t\t<span class=\"elementor-icon-list-text\">Svanstr\u00f6mintie 21 B, 00840 Helsinki, Finland<\/span>\n\t\t\t\t\t\t\t\t\t<\/li>\n\t\t\t\t\t\t\t\t<li class=\"elementor-icon-list-item\">\n\t\t\t\t\t\t\t\t\t\t\t<a href=\"https:\/\/www.operabox.net\/\" target=\"_blank\">\n\n\t\t\t\t\t\t\t\t\t\t\t\t<span class=\"elementor-icon-list-icon\">\n\t\t\t\t\t\t\t<i aria-hidden=\"true\" class=\"fas fa-globe\"><\/i>\t\t\t\t\t\t<\/span>\n\t\t\t\t\t\t\t\t\t\t<span class=\"elementor-icon-list-text\">OperaBox<\/span>\n\t\t\t\t\t\t\t\t\t\t\t<\/a>\n\t\t\t\t\t\t\t\t\t<\/li>\n\t\t\t\t\t\t<\/ul>\n\t\t\t\t\t\t<\/div>\n\t\t\t\t<\/div>\n\t\t\t\t\t<\/div>\n\t\t\t\t<\/div>\n\t\t<div class=\"elementor-element elementor-element-0c39553 e-flex e-con-boxed e-con e-parent\" data-id=\"0c39553\" data-element_type=\"container\" data-e-type=\"container\" data-settings=\"{&quot;background_background&quot;:&quot;classic&quot;}\">\n\t\t\t\t\t<div class=\"e-con-inner\">\n\t\t\t\t<div class=\"elementor-element elementor-element-53ae3bb elementor-widget elementor-widget-heading\" data-id=\"53ae3bb\" data-element_type=\"widget\" data-e-type=\"widget\" data-widget_type=\"heading.default\">\n\t\t\t\t<div class=\"elementor-widget-container\">\n\t\t\t\t\t<h2 class=\"elementor-heading-title elementor-size-default\">Seuraa teatteria sosiaalisessa mediassa <\/h2>\t\t\t\t<\/div>\n\t\t\t\t<\/div>\n\t\t\t\t<div class=\"elementor-element elementor-element-fcf524c elementor-shape-rounded elementor-grid-0 e-grid-align-center elementor-widget elementor-widget-social-icons\" data-id=\"fcf524c\" data-element_type=\"widget\" data-e-type=\"widget\" data-widget_type=\"social-icons.default\">\n\t\t\t\t<div class=\"elementor-widget-container\">\n\t\t\t\t\t\t\t<div class=\"elementor-social-icons-wrapper elementor-grid\" role=\"list\">\n\t\t\t\t\t\t\t<span class=\"elementor-grid-item\" role=\"listitem\">\n\t\t\t\t\t<a class=\"elementor-icon elementor-social-icon elementor-social-icon-facebook-f elementor-repeater-item-f83238e\" href=\"https:\/\/www.facebook.com\/operabox.net\" target=\"_blank\">\n\t\t\t\t\t\t<span class=\"elementor-screen-only\">Facebook-f<\/span>\n\t\t\t\t\t\t<i aria-hidden=\"true\" class=\"fab fa-facebook-f\"><\/i>\t\t\t\t\t<\/a>\n\t\t\t\t<\/span>\n\t\t\t\t\t\t\t<span class=\"elementor-grid-item\" role=\"listitem\">\n\t\t\t\t\t<a class=\"elementor-icon elementor-social-icon elementor-social-icon-twitter elementor-repeater-item-9620e2a\" target=\"_blank\">\n\t\t\t\t\t\t<span class=\"elementor-screen-only\">Twitter<\/span>\n\t\t\t\t\t\t<i aria-hidden=\"true\" class=\"fab fa-twitter\"><\/i>\t\t\t\t\t<\/a>\n\t\t\t\t<\/span>\n\t\t\t\t\t\t\t<span class=\"elementor-grid-item\" role=\"listitem\">\n\t\t\t\t\t<a class=\"elementor-icon elementor-social-icon elementor-social-icon-instagram elementor-repeater-item-0a24210\" href=\"https:\/\/www.instagram.com\/operaboxhelsinki\/\" target=\"_blank\">\n\t\t\t\t\t\t<span class=\"elementor-screen-only\">Instagram<\/span>\n\t\t\t\t\t\t<i aria-hidden=\"true\" class=\"fab fa-instagram\"><\/i>\t\t\t\t\t<\/a>\n\t\t\t\t<\/span>\n\t\t\t\t\t\t\t<span class=\"elementor-grid-item\" role=\"listitem\">\n\t\t\t\t\t<a class=\"elementor-icon elementor-social-icon elementor-social-icon-tiktok elementor-repeater-item-5b3f4a9\" target=\"_blank\">\n\t\t\t\t\t\t<span class=\"elementor-screen-only\">Tiktok<\/span>\n\t\t\t\t\t\t<i aria-hidden=\"true\" class=\"fab fa-tiktok\"><\/i>\t\t\t\t\t<\/a>\n\t\t\t\t<\/span>\n\t\t\t\t\t\t\t<span class=\"elementor-grid-item\" role=\"listitem\">\n\t\t\t\t\t<a class=\"elementor-icon elementor-social-icon elementor-social-icon-youtube elementor-repeater-item-81b040b\" target=\"_blank\">\n\t\t\t\t\t\t<span class=\"elementor-screen-only\">Youtube<\/span>\n\t\t\t\t\t\t<i aria-hidden=\"true\" class=\"fab fa-youtube\"><\/i>\t\t\t\t\t<\/a>\n\t\t\t\t<\/span>\n\t\t\t\t\t<\/div>\n\t\t\t\t\t\t<\/div>\n\t\t\t\t<\/div>\n\t\t\t\t\t<\/div>\n\t\t\t\t<\/div>\n\t\t<div class=\"elementor-element elementor-element-4b80be7 e-flex e-con-boxed e-con e-parent\" data-id=\"4b80be7\" data-element_type=\"container\" data-e-type=\"container\" data-settings=\"{&quot;background_background&quot;:&quot;classic&quot;}\">\n\t\t\t\t\t<div class=\"e-con-inner\">\n\t\t\t\t<div class=\"elementor-element elementor-element-98d6840 elementor-widget elementor-widget-image\" data-id=\"98d6840\" data-element_type=\"widget\" data-e-type=\"widget\" data-widget_type=\"image.default\">\n\t\t\t\t<div class=\"elementor-widget-container\">\n\t\t\t\t\t\t\t\t\t\t\t\t\t\t\t<img decoding=\"async\" width=\"151\" height=\"148\" src=\"https:\/\/projectbutterfly.eu\/wp-content\/uploads\/2023\/06\/image.png\" class=\"attachment-large size-large wp-image-2153\" alt=\"\" srcset=\"https:\/\/projectbutterfly.eu\/wp-content\/uploads\/2023\/06\/image.png 151w, https:\/\/projectbutterfly.eu\/wp-content\/uploads\/2023\/06\/image-12x12.png 12w\" sizes=\"(max-width: 151px) 100vw, 151px\" \/>\t\t\t\t\t\t\t\t\t\t\t\t\t\t\t<\/div>\n\t\t\t\t<\/div>\n\t\t\t\t\t<\/div>\n\t\t\t\t<\/div>\n\t\t\t\t\t<\/div>\n\t\t\t\t<\/div>\n\t\t\t\t\t<\/div>\n\t\t\t\t<\/div>\n\t\t<div class=\"elementor-element elementor-element-02aeaba e-flex e-con-boxed e-con e-parent\" data-id=\"02aeaba\" data-element_type=\"container\" data-e-type=\"container\">\n\t\t\t\t\t<div class=\"e-con-inner\">\n\t\t\t\t<div class=\"elementor-element elementor-element-7414d85 elementor-widget elementor-widget-text-editor\" data-id=\"7414d85\" data-element_type=\"widget\" data-e-type=\"widget\" data-widget_type=\"text-editor.default\">\n\t\t\t\t<div class=\"elementor-widget-container\">\n\t\t\t\t\t\t\t\t\t<p><span style=\"font-weight: 400;\">Opera BOX on perustettu vuonna 2016. Sen ensimm\u00e4inen tuotanto oli Richard Straussin ooppera <\/span><i><span style=\"font-weight: 400;\">Ariadne auf Naxos<\/span><\/i><span style=\"font-weight: 400;\"> , joka saavutti jo suuren suosion. T\u00e4m\u00e4n j\u00e4lkeen Opera BOX on tuottanut jo 16 oopperaa ja vakiinnuttanut asemansa Helsingin toisena oopperan\u00e4ytt\u00e4m\u00f6n\u00e4. Se toimii kaupungin vanhimmassa oopperatalossa, Aleksanterin teatterissa.<\/span><\/p><p><span style=\"font-weight: 400;\">Opera BOX pyrkii rikastuttamaan ja kehitt\u00e4m\u00e4\u00e4n Suomen oopperakentt\u00e4\u00e4 tuottamalla omia n\u00e4yt\u00f6ksi\u00e4 sek\u00e4 yhteistuotantoja. BOX esitt\u00e4\u00e4 oopperaa ja operettia kotimaisilla kielill\u00e4, aina kun se on mahdollista. Opera BOX haluaa yll\u00e4pit\u00e4\u00e4 rikkaista suomalaisia opperaperinteit\u00e4, mutta pyrkii my\u00f6s luomaan uutta ja tuomaan uusia taiteilijoita oopperoihinsa.<\/span><\/p><p><span style=\"font-weight: 400;\">Sen ohjelmistoon kuuluu klassisia oopperaesityksi\u00e4 saksalaisesta, italialaisesta, brittil\u00e4isest\u00e4 ja ranskalaisesta perinteest\u00e4. Yksi\nt\u00e4rkeimmist\u00e4 toiminta-alueista on kuitenkin tilata uusia oopperoita. Opera BOX on my\u00f6s mukana lasten esitysten tuottamisessa.<\/span><\/p><p><span style=\"font-weight: 400;\"><a href=\"https:\/\/www.operabox.net\/ottone-in-villa\">T\u00e4ss\u00e4<\/a> on seuraava Vivaldin ooppera.<\/span><\/p><p><a href=\"https:\/\/www.operabox.net\/vickan-vin\"><span style=\"font-weight: 400;\">T\u00e4ss\u00e4<\/span><\/a><span style=\"font-weight: 400;\"> uusin lastenooppera Vickan &amp; V\u00e4in\u00f6\u00a0<\/span><\/p>\t\t\t\t\t\t\t\t<\/div>\n\t\t\t\t<\/div>\n\t\t\t\t\t<\/div>\n\t\t\t\t<\/div>\n\t\t<div class=\"elementor-element elementor-element-3d97e8f e-flex e-con-boxed e-con e-parent\" data-id=\"3d97e8f\" data-element_type=\"container\" data-e-type=\"container\">\n\t\t\t\t\t<div class=\"e-con-inner\">\n\t\t<div class=\"elementor-element elementor-element-4fc827f e-con-full e-flex e-con e-parent\" data-id=\"4fc827f\" data-element_type=\"container\" data-e-type=\"container\">\n\t\t\t\t<div class=\"elementor-element elementor-element-89918ae elementor-widget elementor-widget-image\" data-id=\"89918ae\" data-element_type=\"widget\" data-e-type=\"widget\" data-widget_type=\"image.default\">\n\t\t\t\t<div class=\"elementor-widget-container\">\n\t\t\t\t\t\t\t\t\t\t\t\t\t\t\t<img fetchpriority=\"high\" decoding=\"async\" width=\"300\" height=\"193\" src=\"https:\/\/projectbutterfly.eu\/wp-content\/uploads\/2023\/06\/Alexander-Theatre-for-sale-in-Helsinki-HERO-1-e1687979993448-300x193.jpg\" class=\"attachment-medium size-medium wp-image-2201\" alt=\"\" srcset=\"https:\/\/projectbutterfly.eu\/wp-content\/uploads\/2023\/06\/Alexander-Theatre-for-sale-in-Helsinki-HERO-1-e1687979993448-300x193.jpg 300w, https:\/\/projectbutterfly.eu\/wp-content\/uploads\/2023\/06\/Alexander-Theatre-for-sale-in-Helsinki-HERO-1-e1687979993448-1024x660.jpg 1024w, https:\/\/projectbutterfly.eu\/wp-content\/uploads\/2023\/06\/Alexander-Theatre-for-sale-in-Helsinki-HERO-1-e1687979993448-768x495.jpg 768w, https:\/\/projectbutterfly.eu\/wp-content\/uploads\/2023\/06\/Alexander-Theatre-for-sale-in-Helsinki-HERO-1-e1687979993448-18x12.jpg 18w, https:\/\/projectbutterfly.eu\/wp-content\/uploads\/2023\/06\/Alexander-Theatre-for-sale-in-Helsinki-HERO-1-e1687979993448.jpg 1439w\" sizes=\"(max-width: 300px) 100vw, 300px\" \/>\t\t\t\t\t\t\t\t\t\t\t\t\t\t\t<\/div>\n\t\t\t\t<\/div>\n\t\t\t\t<\/div>\n\t\t<div class=\"elementor-element elementor-element-bb9fdc3 e-con-full e-flex e-con e-parent\" data-id=\"bb9fdc3\" data-element_type=\"container\" data-e-type=\"container\">\n\t\t\t\t<div class=\"elementor-element elementor-element-f1f1547 elementor-widget elementor-widget-image\" data-id=\"f1f1547\" data-element_type=\"widget\" data-e-type=\"widget\" data-widget_type=\"image.default\">\n\t\t\t\t<div class=\"elementor-widget-container\">\n\t\t\t\t\t\t\t\t\t\t\t\t\t\t\t<img decoding=\"async\" width=\"300\" height=\"197\" src=\"https:\/\/projectbutterfly.eu\/wp-content\/uploads\/2023\/06\/2021-09-13-e1687979866205-300x197.jpg\" class=\"attachment-medium size-medium wp-image-2163\" alt=\"\" srcset=\"https:\/\/projectbutterfly.eu\/wp-content\/uploads\/2023\/06\/2021-09-13-e1687979866205-300x197.jpg 300w, https:\/\/projectbutterfly.eu\/wp-content\/uploads\/2023\/06\/2021-09-13-e1687979866205-18x12.jpg 18w, https:\/\/projectbutterfly.eu\/wp-content\/uploads\/2023\/06\/2021-09-13-e1687979866205.jpg 456w\" sizes=\"(max-width: 300px) 100vw, 300px\" \/>\t\t\t\t\t\t\t\t\t\t\t\t\t\t\t<\/div>\n\t\t\t\t<\/div>\n\t\t\t\t<\/div>\n\t\t\t\t\t<\/div>\n\t\t\t\t<\/div>\n\t\t\t\t<\/div>","protected":false},"excerpt":{"rendered":"<p>Opera Box Svanstr\u00f6mintie 21 B, 00840 Helsinki, Finland OperaBox Follow the teatre on social media Facebook-f Twitter Instagram Tiktok Youtube Opera Box is an opera company born in 2016. Its first show was Richard Strauss\u2019s opera Ariadne auf Naxos which received great acclaim. Then the company increased its production of shows and gradually became Helsinki\u2019s [&hellip;]<\/p>\n","protected":false},"author":4,"featured_media":0,"parent":905,"menu_order":0,"comment_status":"closed","ping_status":"closed","template":"elementor_header_footer","meta":{"_acf_changed":false,"nf_dc_page":"","_monsterinsights_skip_tracking":false,"_monsterinsights_sitenote_active":false,"_monsterinsights_sitenote_note":"","_monsterinsights_sitenote_category":0,"footnotes":""},"class_list":["post-2151","page","type-page","status-publish","hentry"],"acf":[],"yoast_head":"<!-- This site is optimized with the Yoast SEO Premium plugin v20.10 (Yoast SEO v27.2) - https:\/\/yoast.com\/product\/yoast-seo-premium-wordpress\/ -->\n<title>Opera Box - Project Butterfly<\/title>\n<meta name=\"robots\" content=\"index, follow, max-snippet:-1, max-image-preview:large, max-video-preview:-1\" \/>\n<link rel=\"canonical\" href=\"https:\/\/projectbutterfly.eu\/fi\/the-project\/opera-box\/\" \/>\n<meta property=\"og:locale\" content=\"fi_FI\" \/>\n<meta property=\"og:type\" content=\"article\" \/>\n<meta property=\"og:title\" content=\"Opera Box\" \/>\n<meta property=\"og:description\" content=\"Opera Box Svanstr\u00f6mintie 21 B, 00840 Helsinki, Finland OperaBox Follow the teatre on social media Facebook-f Twitter Instagram Tiktok Youtube Opera Box is an opera company born in 2016. Its first show was Richard Strauss\u2019s opera Ariadne auf Naxos which received great acclaim. Then the company increased its production of shows and gradually became Helsinki\u2019s [&hellip;]\" \/>\n<meta property=\"og:url\" content=\"https:\/\/projectbutterfly.eu\/fi\/the-project\/opera-box\/\" \/>\n<meta property=\"og:site_name\" content=\"Project Butterfly\" \/>\n<meta property=\"article:publisher\" content=\"https:\/\/www.facebook.com\/people\/Project-Butterfly-EU\/100090965485383\/\" \/>\n<meta property=\"article:modified_time\" content=\"2023-06-28T19:45:10+00:00\" \/>\n<meta property=\"og:image\" content=\"https:\/\/projectbutterfly.eu\/wp-content\/uploads\/2023\/06\/image.png\" \/>\n<meta name=\"twitter:card\" content=\"summary_large_image\" \/>\n<meta name=\"twitter:site\" content=\"@butterfly_eu_\" \/>\n<meta name=\"twitter:label1\" content=\"Arvioitu lukuaika\" \/>\n\t<meta name=\"twitter:data1\" content=\"2 minuuttia\" \/>\n<script type=\"application\/ld+json\" class=\"yoast-schema-graph\">{\"@context\":\"https:\/\/schema.org\",\"@graph\":[{\"@type\":\"WebPage\",\"@id\":\"https:\/\/projectbutterfly.eu\/the-project\/opera-box\/\",\"url\":\"https:\/\/projectbutterfly.eu\/the-project\/opera-box\/\",\"name\":\"Opera Box - Project Butterfly\",\"isPartOf\":{\"@id\":\"https:\/\/projectbutterfly.eu\/fi\/#website\"},\"primaryImageOfPage\":{\"@id\":\"https:\/\/projectbutterfly.eu\/the-project\/opera-box\/#primaryimage\"},\"image\":{\"@id\":\"https:\/\/projectbutterfly.eu\/the-project\/opera-box\/#primaryimage\"},\"thumbnailUrl\":\"https:\/\/projectbutterfly.eu\/wp-content\/uploads\/2023\/06\/image.png\",\"datePublished\":\"2023-06-28T14:48:37+00:00\",\"dateModified\":\"2023-06-28T19:45:10+00:00\",\"breadcrumb\":{\"@id\":\"https:\/\/projectbutterfly.eu\/the-project\/opera-box\/#breadcrumb\"},\"inLanguage\":\"fi\",\"potentialAction\":[{\"@type\":\"ReadAction\",\"target\":[\"https:\/\/projectbutterfly.eu\/the-project\/opera-box\/\"]}]},{\"@type\":\"ImageObject\",\"inLanguage\":\"fi\",\"@id\":\"https:\/\/projectbutterfly.eu\/the-project\/opera-box\/#primaryimage\",\"url\":\"https:\/\/projectbutterfly.eu\/wp-content\/uploads\/2023\/06\/image.png\",\"contentUrl\":\"https:\/\/projectbutterfly.eu\/wp-content\/uploads\/2023\/06\/image.png\"},{\"@type\":\"BreadcrumbList\",\"@id\":\"https:\/\/projectbutterfly.eu\/the-project\/opera-box\/#breadcrumb\",\"itemListElement\":[{\"@type\":\"ListItem\",\"position\":1,\"name\":\"Home\",\"item\":\"https:\/\/projectbutterfly.eu\/\"},{\"@type\":\"ListItem\",\"position\":2,\"name\":\"The project\",\"item\":\"https:\/\/projectbutterfly.eu\/the-project\/\"},{\"@type\":\"ListItem\",\"position\":3,\"name\":\"Opera Box\"}]},{\"@type\":\"WebSite\",\"@id\":\"https:\/\/projectbutterfly.eu\/fi\/#website\",\"url\":\"https:\/\/projectbutterfly.eu\/fi\/\",\"name\":\"Project Butterfly\",\"description\":\"\",\"publisher\":{\"@id\":\"https:\/\/projectbutterfly.eu\/fi\/#organization\"},\"potentialAction\":[{\"@type\":\"SearchAction\",\"target\":{\"@type\":\"EntryPoint\",\"urlTemplate\":\"https:\/\/projectbutterfly.eu\/fi\/?s={search_term_string}\"},\"query-input\":{\"@type\":\"PropertyValueSpecification\",\"valueRequired\":true,\"valueName\":\"search_term_string\"}}],\"inLanguage\":\"fi\"},{\"@type\":\"Organization\",\"@id\":\"https:\/\/projectbutterfly.eu\/fi\/#organization\",\"name\":\"Project Butterfly\",\"url\":\"https:\/\/projectbutterfly.eu\/fi\/\",\"logo\":{\"@type\":\"ImageObject\",\"inLanguage\":\"fi\",\"@id\":\"https:\/\/projectbutterfly.eu\/fi\/#\/schema\/logo\/image\/\",\"url\":\"https:\/\/projectbutterfly.eu\/wp-content\/uploads\/2023\/05\/footer-logo.png\",\"contentUrl\":\"https:\/\/projectbutterfly.eu\/wp-content\/uploads\/2023\/05\/footer-logo.png\",\"width\":122,\"height\":127,\"caption\":\"Project Butterfly\"},\"image\":{\"@id\":\"https:\/\/projectbutterfly.eu\/fi\/#\/schema\/logo\/image\/\"},\"sameAs\":[\"https:\/\/www.facebook.com\/people\/Project-Butterfly-EU\/100090965485383\/\",\"https:\/\/x.com\/butterfly_eu_\",\"https:\/\/www.linkedin.com\/company\/94226560\/admin\/\"]}]}<\/script>\n<!-- \/ Yoast SEO Premium plugin. -->","yoast_head_json":{"title":"Opera Box - Project Butterfly","robots":{"index":"index","follow":"follow","max-snippet":"max-snippet:-1","max-image-preview":"max-image-preview:large","max-video-preview":"max-video-preview:-1"},"canonical":"https:\/\/projectbutterfly.eu\/fi\/the-project\/opera-box\/","og_locale":"fi_FI","og_type":"article","og_title":"Opera Box","og_description":"Opera Box Svanstr\u00f6mintie 21 B, 00840 Helsinki, Finland OperaBox Follow the teatre on social media Facebook-f Twitter Instagram Tiktok Youtube Opera Box is an opera company born in 2016. Its first show was Richard Strauss\u2019s opera Ariadne auf Naxos which received great acclaim. Then the company increased its production of shows and gradually became Helsinki\u2019s [&hellip;]","og_url":"https:\/\/projectbutterfly.eu\/fi\/the-project\/opera-box\/","og_site_name":"Project Butterfly","article_publisher":"https:\/\/www.facebook.com\/people\/Project-Butterfly-EU\/100090965485383\/","article_modified_time":"2023-06-28T19:45:10+00:00","og_image":[{"url":"https:\/\/projectbutterfly.eu\/wp-content\/uploads\/2023\/06\/image.png","type":"","width":"","height":""}],"twitter_card":"summary_large_image","twitter_site":"@butterfly_eu_","twitter_misc":{"Arvioitu lukuaika":"2 minuuttia"},"schema":{"@context":"https:\/\/schema.org","@graph":[{"@type":"WebPage","@id":"https:\/\/projectbutterfly.eu\/the-project\/opera-box\/","url":"https:\/\/projectbutterfly.eu\/the-project\/opera-box\/","name":"Opera Box - Project Butterfly","isPartOf":{"@id":"https:\/\/projectbutterfly.eu\/fi\/#website"},"primaryImageOfPage":{"@id":"https:\/\/projectbutterfly.eu\/the-project\/opera-box\/#primaryimage"},"image":{"@id":"https:\/\/projectbutterfly.eu\/the-project\/opera-box\/#primaryimage"},"thumbnailUrl":"https:\/\/projectbutterfly.eu\/wp-content\/uploads\/2023\/06\/image.png","datePublished":"2023-06-28T14:48:37+00:00","dateModified":"2023-06-28T19:45:10+00:00","breadcrumb":{"@id":"https:\/\/projectbutterfly.eu\/the-project\/opera-box\/#breadcrumb"},"inLanguage":"fi","potentialAction":[{"@type":"ReadAction","target":["https:\/\/projectbutterfly.eu\/the-project\/opera-box\/"]}]},{"@type":"ImageObject","inLanguage":"fi","@id":"https:\/\/projectbutterfly.eu\/the-project\/opera-box\/#primaryimage","url":"https:\/\/projectbutterfly.eu\/wp-content\/uploads\/2023\/06\/image.png","contentUrl":"https:\/\/projectbutterfly.eu\/wp-content\/uploads\/2023\/06\/image.png"},{"@type":"BreadcrumbList","@id":"https:\/\/projectbutterfly.eu\/the-project\/opera-box\/#breadcrumb","itemListElement":[{"@type":"ListItem","position":1,"name":"Home","item":"https:\/\/projectbutterfly.eu\/"},{"@type":"ListItem","position":2,"name":"The project","item":"https:\/\/projectbutterfly.eu\/the-project\/"},{"@type":"ListItem","position":3,"name":"Opera Box"}]},{"@type":"WebSite","@id":"https:\/\/projectbutterfly.eu\/fi\/#website","url":"https:\/\/projectbutterfly.eu\/fi\/","name":"Project Butterfly","description":"","publisher":{"@id":"https:\/\/projectbutterfly.eu\/fi\/#organization"},"potentialAction":[{"@type":"SearchAction","target":{"@type":"EntryPoint","urlTemplate":"https:\/\/projectbutterfly.eu\/fi\/?s={search_term_string}"},"query-input":{"@type":"PropertyValueSpecification","valueRequired":true,"valueName":"search_term_string"}}],"inLanguage":"fi"},{"@type":"Organization","@id":"https:\/\/projectbutterfly.eu\/fi\/#organization","name":"Project Butterfly","url":"https:\/\/projectbutterfly.eu\/fi\/","logo":{"@type":"ImageObject","inLanguage":"fi","@id":"https:\/\/projectbutterfly.eu\/fi\/#\/schema\/logo\/image\/","url":"https:\/\/projectbutterfly.eu\/wp-content\/uploads\/2023\/05\/footer-logo.png","contentUrl":"https:\/\/projectbutterfly.eu\/wp-content\/uploads\/2023\/05\/footer-logo.png","width":122,"height":127,"caption":"Project Butterfly"},"image":{"@id":"https:\/\/projectbutterfly.eu\/fi\/#\/schema\/logo\/image\/"},"sameAs":["https:\/\/www.facebook.com\/people\/Project-Butterfly-EU\/100090965485383\/","https:\/\/x.com\/butterfly_eu_","https:\/\/www.linkedin.com\/company\/94226560\/admin\/"]}]}},"_links":{"self":[{"href":"https:\/\/projectbutterfly.eu\/fi\/wp-json\/wp\/v2\/pages\/2151","targetHints":{"allow":["GET"]}}],"collection":[{"href":"https:\/\/projectbutterfly.eu\/fi\/wp-json\/wp\/v2\/pages"}],"about":[{"href":"https:\/\/projectbutterfly.eu\/fi\/wp-json\/wp\/v2\/types\/page"}],"author":[{"embeddable":true,"href":"https:\/\/projectbutterfly.eu\/fi\/wp-json\/wp\/v2\/users\/4"}],"replies":[{"embeddable":true,"href":"https:\/\/projectbutterfly.eu\/fi\/wp-json\/wp\/v2\/comments?post=2151"}],"version-history":[{"count":20,"href":"https:\/\/projectbutterfly.eu\/fi\/wp-json\/wp\/v2\/pages\/2151\/revisions"}],"predecessor-version":[{"id":2221,"href":"https:\/\/projectbutterfly.eu\/fi\/wp-json\/wp\/v2\/pages\/2151\/revisions\/2221"}],"up":[{"embeddable":true,"href":"https:\/\/projectbutterfly.eu\/fi\/wp-json\/wp\/v2\/pages\/905"}],"wp:attachment":[{"href":"https:\/\/projectbutterfly.eu\/fi\/wp-json\/wp\/v2\/media?parent=2151"}],"curies":[{"name":"wp","href":"https:\/\/api.w.org\/{rel}","templated":true}]}}