{"id":2206,"date":"2023-06-28T19:35:04","date_gmt":"2023-06-28T19:35:04","guid":{"rendered":"https:\/\/projectbutterfly.eu\/?page_id=2206"},"modified":"2023-06-28T19:39:33","modified_gmt":"2023-06-28T19:39:33","slug":"opera-baltycka","status":"publish","type":"page","link":"https:\/\/projectbutterfly.eu\/fi\/the-project\/opera-baltycka\/","title":{"rendered":", Opera Baltycka"},"content":{"rendered":"<div data-elementor-type=\"wp-page\" data-elementor-id=\"2206\" class=\"elementor elementor-2206\" data-elementor-post-type=\"page\">\n\t\t\t\t<div class=\"elementor-element elementor-element-04c1df2 e-con-full e-flex e-con e-parent\" data-id=\"04c1df2\" data-element_type=\"container\" data-e-type=\"container\">\n\t\t<div class=\"elementor-element elementor-element-9a022bf e-con-full e-flex e-con e-parent\" data-id=\"9a022bf\" data-element_type=\"container\" data-e-type=\"container\">\n\t\t<div class=\"elementor-element elementor-element-9491232 e-flex e-con-boxed e-con e-parent\" data-id=\"9491232\" data-element_type=\"container\" data-e-type=\"container\" data-settings=\"{&quot;background_background&quot;:&quot;classic&quot;}\">\n\t\t\t\t\t<div class=\"e-con-inner\">\n\t\t\t\t<div class=\"elementor-element elementor-element-9347653 elementor-widget elementor-widget-heading\" data-id=\"9347653\" data-element_type=\"widget\" data-e-type=\"widget\" data-widget_type=\"heading.default\">\n\t\t\t\t<div class=\"elementor-widget-container\">\n\t\t\t\t\t<h2 class=\"elementor-heading-title elementor-size-default\">, Opera Baltycka <br> \n<br>\n<br><\/h2>\t\t\t\t<\/div>\n\t\t\t\t<\/div>\n\t\t\t\t\t<\/div>\n\t\t\t\t<\/div>\n\t\t\t\t<\/div>\n\t\t\t\t<\/div>\n\t\t<div class=\"elementor-element elementor-element-cdf5fec e-flex e-con-boxed e-con e-parent\" data-id=\"cdf5fec\" data-element_type=\"container\" data-e-type=\"container\">\n\t\t\t\t\t<div class=\"e-con-inner\">\n\t\t<div class=\"elementor-element elementor-element-195cb9f e-flex e-con-boxed e-con e-parent\" data-id=\"195cb9f\" data-element_type=\"container\" data-e-type=\"container\">\n\t\t\t\t\t<div class=\"e-con-inner\">\n\t\t<div class=\"elementor-element elementor-element-a1a227a e-flex e-con-boxed e-con e-parent\" data-id=\"a1a227a\" data-element_type=\"container\" data-e-type=\"container\" data-settings=\"{&quot;background_background&quot;:&quot;classic&quot;}\">\n\t\t\t\t\t<div class=\"e-con-inner\">\n\t\t\t\t<div class=\"elementor-element elementor-element-7031583 elementor-icon-list--layout-traditional elementor-list-item-link-full_width elementor-widget elementor-widget-icon-list\" data-id=\"7031583\" data-element_type=\"widget\" data-e-type=\"widget\" data-widget_type=\"icon-list.default\">\n\t\t\t\t<div class=\"elementor-widget-container\">\n\t\t\t\t\t\t\t<ul class=\"elementor-icon-list-items\">\n\t\t\t\t\t\t\t<li class=\"elementor-icon-list-item\">\n\t\t\t\t\t\t\t\t\t\t\t<span class=\"elementor-icon-list-icon\">\n\t\t\t\t\t\t\t<i aria-hidden=\"true\" class=\"fas fa-map-marker-alt\"><\/i>\t\t\t\t\t\t<\/span>\n\t\t\t\t\t\t\t\t\t\t<span class=\"elementor-icon-list-text\">Aleja Zwyci\u0119stwa 15, 80-219 Gda\u0144sk, Poland<\/span>\n\t\t\t\t\t\t\t\t\t<\/li>\n\t\t\t\t\t\t\t\t<li class=\"elementor-icon-list-item\">\n\t\t\t\t\t\t\t\t\t\t\t<a href=\"https:\/\/operabaltycka.pl\/\">\n\n\t\t\t\t\t\t\t\t\t\t\t\t<span class=\"elementor-icon-list-icon\">\n\t\t\t\t\t\t\t<i aria-hidden=\"true\" class=\"fas fa-globe\"><\/i>\t\t\t\t\t\t<\/span>\n\t\t\t\t\t\t\t\t\t\t<span class=\"elementor-icon-list-text\">operabaltycka<\/span>\n\t\t\t\t\t\t\t\t\t\t\t<\/a>\n\t\t\t\t\t\t\t\t\t<\/li>\n\t\t\t\t\t\t<\/ul>\n\t\t\t\t\t\t<\/div>\n\t\t\t\t<\/div>\n\t\t\t\t\t<\/div>\n\t\t\t\t<\/div>\n\t\t<div class=\"elementor-element elementor-element-0c39553 e-flex e-con-boxed e-con e-parent\" data-id=\"0c39553\" data-element_type=\"container\" data-e-type=\"container\" data-settings=\"{&quot;background_background&quot;:&quot;classic&quot;}\">\n\t\t\t\t\t<div class=\"e-con-inner\">\n\t\t\t\t<div class=\"elementor-element elementor-element-53ae3bb elementor-widget elementor-widget-heading\" data-id=\"53ae3bb\" data-element_type=\"widget\" data-e-type=\"widget\" data-widget_type=\"heading.default\">\n\t\t\t\t<div class=\"elementor-widget-container\">\n\t\t\t\t\t<h2 class=\"elementor-heading-title elementor-size-default\">Seuraa teatteria sosiaalisessa mediassa <\/h2>\t\t\t\t<\/div>\n\t\t\t\t<\/div>\n\t\t\t\t<div class=\"elementor-element elementor-element-fcf524c elementor-shape-rounded elementor-grid-0 e-grid-align-center elementor-widget elementor-widget-social-icons\" data-id=\"fcf524c\" data-element_type=\"widget\" data-e-type=\"widget\" data-widget_type=\"social-icons.default\">\n\t\t\t\t<div class=\"elementor-widget-container\">\n\t\t\t\t\t\t\t<div class=\"elementor-social-icons-wrapper elementor-grid\" role=\"list\">\n\t\t\t\t\t\t\t<span class=\"elementor-grid-item\" role=\"listitem\">\n\t\t\t\t\t<a class=\"elementor-icon elementor-social-icon elementor-social-icon-facebook-f elementor-repeater-item-f83238e\" href=\"https:\/\/www.facebook.com\/OperaBaltycka\/\" target=\"_blank\">\n\t\t\t\t\t\t<span class=\"elementor-screen-only\">Facebook-f<\/span>\n\t\t\t\t\t\t<i aria-hidden=\"true\" class=\"fab fa-facebook-f\"><\/i>\t\t\t\t\t<\/a>\n\t\t\t\t<\/span>\n\t\t\t\t\t\t\t<span class=\"elementor-grid-item\" role=\"listitem\">\n\t\t\t\t\t<a class=\"elementor-icon elementor-social-icon elementor-social-icon-twitter elementor-repeater-item-9620e2a\" target=\"_blank\">\n\t\t\t\t\t\t<span class=\"elementor-screen-only\">Twitter<\/span>\n\t\t\t\t\t\t<i aria-hidden=\"true\" class=\"fab fa-twitter\"><\/i>\t\t\t\t\t<\/a>\n\t\t\t\t<\/span>\n\t\t\t\t\t\t\t<span class=\"elementor-grid-item\" role=\"listitem\">\n\t\t\t\t\t<a class=\"elementor-icon elementor-social-icon elementor-social-icon-instagram elementor-repeater-item-0a24210\" href=\"https:\/\/www.instagram.com\/operabaltycka\/\" target=\"_blank\">\n\t\t\t\t\t\t<span class=\"elementor-screen-only\">Instagram<\/span>\n\t\t\t\t\t\t<i aria-hidden=\"true\" class=\"fab fa-instagram\"><\/i>\t\t\t\t\t<\/a>\n\t\t\t\t<\/span>\n\t\t\t\t\t\t\t<span class=\"elementor-grid-item\" role=\"listitem\">\n\t\t\t\t\t<a class=\"elementor-icon elementor-social-icon elementor-social-icon-tiktok elementor-repeater-item-5b3f4a9\" target=\"_blank\">\n\t\t\t\t\t\t<span class=\"elementor-screen-only\">Tiktok<\/span>\n\t\t\t\t\t\t<i aria-hidden=\"true\" class=\"fab fa-tiktok\"><\/i>\t\t\t\t\t<\/a>\n\t\t\t\t<\/span>\n\t\t\t\t\t\t\t<span class=\"elementor-grid-item\" role=\"listitem\">\n\t\t\t\t\t<a class=\"elementor-icon elementor-social-icon elementor-social-icon-youtube elementor-repeater-item-81b040b\" href=\"https:\/\/www.youtube.com\/@operabaltyckawgdansku\" target=\"_blank\">\n\t\t\t\t\t\t<span class=\"elementor-screen-only\">Youtube<\/span>\n\t\t\t\t\t\t<i aria-hidden=\"true\" class=\"fab fa-youtube\"><\/i>\t\t\t\t\t<\/a>\n\t\t\t\t<\/span>\n\t\t\t\t\t<\/div>\n\t\t\t\t\t\t<\/div>\n\t\t\t\t<\/div>\n\t\t\t\t\t<\/div>\n\t\t\t\t<\/div>\n\t\t<div class=\"elementor-element elementor-element-4b80be7 e-flex e-con-boxed e-con e-parent\" data-id=\"4b80be7\" data-element_type=\"container\" data-e-type=\"container\" data-settings=\"{&quot;background_background&quot;:&quot;classic&quot;}\">\n\t\t\t\t\t<div class=\"e-con-inner\">\n\t\t\t\t<div class=\"elementor-element elementor-element-98d6840 elementor-widget elementor-widget-image\" data-id=\"98d6840\" data-element_type=\"widget\" data-e-type=\"widget\" data-widget_type=\"image.default\">\n\t\t\t\t<div class=\"elementor-widget-container\">\n\t\t\t\t\t\t\t\t\t\t\t\t\t\t\t<img decoding=\"async\" width=\"168\" height=\"87\" src=\"https:\/\/projectbutterfly.eu\/wp-content\/uploads\/2023\/06\/image-1-1-e1687980584993.png\" class=\"attachment-large size-large wp-image-2211\" alt=\"\" srcset=\"https:\/\/projectbutterfly.eu\/wp-content\/uploads\/2023\/06\/image-1-1-e1687980584993.png 168w, https:\/\/projectbutterfly.eu\/wp-content\/uploads\/2023\/06\/image-1-1-e1687980584993-18x9.png 18w\" sizes=\"(max-width: 168px) 100vw, 168px\" \/>\t\t\t\t\t\t\t\t\t\t\t\t\t\t\t<\/div>\n\t\t\t\t<\/div>\n\t\t\t\t\t<\/div>\n\t\t\t\t<\/div>\n\t\t\t\t\t<\/div>\n\t\t\t\t<\/div>\n\t\t\t\t\t<\/div>\n\t\t\t\t<\/div>\n\t\t<div class=\"elementor-element elementor-element-02aeaba e-flex e-con-boxed e-con e-parent\" data-id=\"02aeaba\" data-element_type=\"container\" data-e-type=\"container\">\n\t\t\t\t\t<div class=\"e-con-inner\">\n\t\t\t\t<div class=\"elementor-element elementor-element-7414d85 elementor-widget elementor-widget-text-editor\" data-id=\"7414d85\" data-element_type=\"widget\" data-e-type=\"widget\" data-widget_type=\"text-editor.default\">\n\t\t\t\t<div class=\"elementor-widget-container\">\n\t\t\t\t\t\t\t\t\t<p>Gda\u0144skissa (Puolassa) sijaitseva Baltic Opera on yksi merkitt\u00e4vimmist\u00e4 kulttuurilaitoksista Pomeranian alueella. Siell\u00e4 ty\u00f6skentelee laaja ensemble, mukaan lukien orkesteri, laulajat ja\ntanssijat, sek\u00e4 taiteellinen henkil\u00f6kunta. Se toimii modernissa rakennuksessa.<\/p><p>Baltic Operan teht\u00e4v\u00e4n\u00e4 on levitt\u00e4\u00e4 kulttuuria ja tavoittaa kaikki musiikista ja oopperasta kiinnostuneet. Pyrkimyksen\u00e4\u00e4n l\u00e4hent\u00e4\u00e4 yleis\u00f6\u00e4 teatteriin, Baltic Opera tarjoaa monipuolisen\nohjelmiston. Sen ohjelmistoon kuuluu klassisia oopperoita sek\u00e4 nykyaikaisia esityksi\u00e4. Kausi sis\u00e4lt\u00e4\u00e4 my\u00f6s balettiesityksi\u00e4.<\/p><p>Se tarjoaa monia toimintoja ja luovia ty\u00f6pajoja kaikenik\u00e4isille, erityisesti lapsille, kuten s\u00e4\u00e4nn\u00f6llisesti opetusta oopperan lapsikuorolle.<br \/>Hein\u00e4kuussa 2023 Baltic Opera j\u00e4rjest\u00e4\u00e4 ensimm\u00e4ist\u00e4 kertaa oopperafestivaalin. Festivaali on kansainv\u00e4linen ja siin\u00e4 n\u00e4hd\u00e4\u00e4n merkitt\u00e4vi\u00e4 solisteja, kapellimestareita ja esiintyji\u00e4 Puolasta ja ymp\u00e4ri maailman. <\/p><p><a href=\"https:\/\/operabaltycka.pl\/en\/education\"><span style=\"font-weight: 400;\">T\u00e4ss\u00e4<\/span><\/a><span style=\"font-weight: 400;\"> on linkki opetusaktiviteetteihin.<\/span><\/p><p><a href=\"https:\/\/operabaltycka.pl\/baltic-opera-festival\"><span style=\"font-weight: 400;\">T\u00e4ss\u00e4<\/span><\/a><span style=\"font-weight: 400;\"> on linkki lis\u00e4tietoihin festivaalista. <\/span><\/p>\t\t\t\t\t\t\t\t<\/div>\n\t\t\t\t<\/div>\n\t\t\t\t\t<\/div>\n\t\t\t\t<\/div>\n\t\t<div class=\"elementor-element elementor-element-3d97e8f e-flex e-con-boxed e-con e-parent\" data-id=\"3d97e8f\" data-element_type=\"container\" data-e-type=\"container\">\n\t\t\t\t\t<div class=\"e-con-inner\">\n\t\t<div class=\"elementor-element elementor-element-4fc827f e-con-full e-flex e-con e-parent\" data-id=\"4fc827f\" data-element_type=\"container\" data-e-type=\"container\">\n\t\t\t\t<div class=\"elementor-element elementor-element-89918ae elementor-widget elementor-widget-image\" data-id=\"89918ae\" data-element_type=\"widget\" data-e-type=\"widget\" data-widget_type=\"image.default\">\n\t\t\t\t<div class=\"elementor-widget-container\">\n\t\t\t\t\t\t\t\t\t\t\t\t\t\t\t<img fetchpriority=\"high\" decoding=\"async\" width=\"300\" height=\"200\" src=\"https:\/\/projectbutterfly.eu\/wp-content\/uploads\/2023\/06\/3Opera-Baltycka-fot.-materialy-prasowe-300x200.jpg\" class=\"attachment-medium size-medium wp-image-2002\" alt=\"\" srcset=\"https:\/\/projectbutterfly.eu\/wp-content\/uploads\/2023\/06\/3Opera-Baltycka-fot.-materialy-prasowe-300x200.jpg 300w, https:\/\/projectbutterfly.eu\/wp-content\/uploads\/2023\/06\/3Opera-Baltycka-fot.-materialy-prasowe-1024x683.jpg 1024w, https:\/\/projectbutterfly.eu\/wp-content\/uploads\/2023\/06\/3Opera-Baltycka-fot.-materialy-prasowe-768x512.jpg 768w, https:\/\/projectbutterfly.eu\/wp-content\/uploads\/2023\/06\/3Opera-Baltycka-fot.-materialy-prasowe-1536x1024.jpg 1536w, https:\/\/projectbutterfly.eu\/wp-content\/uploads\/2023\/06\/3Opera-Baltycka-fot.-materialy-prasowe-18x12.jpg 18w, https:\/\/projectbutterfly.eu\/wp-content\/uploads\/2023\/06\/3Opera-Baltycka-fot.-materialy-prasowe.jpg 1920w\" sizes=\"(max-width: 300px) 100vw, 300px\" \/>\t\t\t\t\t\t\t\t\t\t\t\t\t\t\t<\/div>\n\t\t\t\t<\/div>\n\t\t\t\t<\/div>\n\t\t<div class=\"elementor-element elementor-element-bb9fdc3 e-con-full e-flex e-con e-parent\" data-id=\"bb9fdc3\" data-element_type=\"container\" data-e-type=\"container\">\n\t\t\t\t<div class=\"elementor-element elementor-element-f1f1547 elementor-widget elementor-widget-image\" data-id=\"f1f1547\" data-element_type=\"widget\" data-e-type=\"widget\" data-widget_type=\"image.default\">\n\t\t\t\t<div class=\"elementor-widget-container\">\n\t\t\t\t\t\t\t\t\t\t\t\t\t\t\t<img decoding=\"async\" width=\"300\" height=\"200\" src=\"https:\/\/projectbutterfly.eu\/wp-content\/uploads\/2023\/06\/zdjecie-do-aplikacji-i-na-mape-300x200.jpg\" class=\"attachment-medium size-medium wp-image-2215\" alt=\"\" srcset=\"https:\/\/projectbutterfly.eu\/wp-content\/uploads\/2023\/06\/zdjecie-do-aplikacji-i-na-mape-300x200.jpg 300w, https:\/\/projectbutterfly.eu\/wp-content\/uploads\/2023\/06\/zdjecie-do-aplikacji-i-na-mape-1024x682.jpg 1024w, https:\/\/projectbutterfly.eu\/wp-content\/uploads\/2023\/06\/zdjecie-do-aplikacji-i-na-mape-768x512.jpg 768w, https:\/\/projectbutterfly.eu\/wp-content\/uploads\/2023\/06\/zdjecie-do-aplikacji-i-na-mape-1536x1024.jpg 1536w, https:\/\/projectbutterfly.eu\/wp-content\/uploads\/2023\/06\/zdjecie-do-aplikacji-i-na-mape-18x12.jpg 18w, https:\/\/projectbutterfly.eu\/wp-content\/uploads\/2023\/06\/zdjecie-do-aplikacji-i-na-mape.jpg 2000w\" sizes=\"(max-width: 300px) 100vw, 300px\" \/>\t\t\t\t\t\t\t\t\t\t\t\t\t\t\t<\/div>\n\t\t\t\t<\/div>\n\t\t\t\t<\/div>\n\t\t\t\t\t<\/div>\n\t\t\t\t<\/div>\n\t\t\t\t<\/div>","protected":false},"excerpt":{"rendered":"<p>Opera Baltycka Aleja Zwyci\u0119stwa 15, 80-219 Gda\u0144sk, Poland operabaltycka Follow the teatre on social media Facebook-f Twitter Instagram Tiktok Youtube Based in Gda\u0144sk (Poland), the Baltic Opera is one of the most significant cultural institutions in the Pomerania region. It relies on the work of many operators, including musicians, singers and dancers, as for the [&hellip;]<\/p>\n","protected":false},"author":4,"featured_media":0,"parent":905,"menu_order":0,"comment_status":"closed","ping_status":"closed","template":"elementor_header_footer","meta":{"_acf_changed":false,"nf_dc_page":"","_monsterinsights_skip_tracking":false,"_monsterinsights_sitenote_active":false,"_monsterinsights_sitenote_note":"","_monsterinsights_sitenote_category":0,"footnotes":""},"class_list":["post-2206","page","type-page","status-publish","hentry"],"acf":[],"yoast_head":"<!-- This site is optimized with the Yoast SEO Premium plugin v20.10 (Yoast SEO v27.2) - https:\/\/yoast.com\/product\/yoast-seo-premium-wordpress\/ -->\n<title>Opera Baltycka - Project Butterfly<\/title>\n<meta name=\"robots\" content=\"index, follow, max-snippet:-1, max-image-preview:large, max-video-preview:-1\" \/>\n<link rel=\"canonical\" href=\"https:\/\/projectbutterfly.eu\/fi\/the-project\/opera-baltycka\/\" \/>\n<meta property=\"og:locale\" content=\"fi_FI\" \/>\n<meta property=\"og:type\" content=\"article\" \/>\n<meta property=\"og:title\" content=\"Opera Baltycka\" \/>\n<meta property=\"og:description\" content=\"Opera Baltycka Aleja Zwyci\u0119stwa 15, 80-219 Gda\u0144sk, Poland operabaltycka Follow the teatre on social media Facebook-f Twitter Instagram Tiktok Youtube Based in Gda\u0144sk (Poland), the Baltic Opera is one of the most significant cultural institutions in the Pomerania region. It relies on the work of many operators, including musicians, singers and dancers, as for the [&hellip;]\" \/>\n<meta property=\"og:url\" content=\"https:\/\/projectbutterfly.eu\/fi\/the-project\/opera-baltycka\/\" \/>\n<meta property=\"og:site_name\" content=\"Project Butterfly\" \/>\n<meta property=\"article:publisher\" content=\"https:\/\/www.facebook.com\/people\/Project-Butterfly-EU\/100090965485383\/\" \/>\n<meta property=\"article:modified_time\" content=\"2023-06-28T19:39:33+00:00\" \/>\n<meta property=\"og:image\" content=\"https:\/\/projectbutterfly.eu\/wp-content\/uploads\/2023\/06\/image-1-1-e1687980584993.png\" \/>\n<meta name=\"twitter:card\" content=\"summary_large_image\" \/>\n<meta name=\"twitter:site\" content=\"@butterfly_eu_\" \/>\n<meta name=\"twitter:label1\" content=\"Arvioitu lukuaika\" \/>\n\t<meta name=\"twitter:data1\" content=\"2 minuuttia\" \/>\n<script type=\"application\/ld+json\" class=\"yoast-schema-graph\">{\"@context\":\"https:\/\/schema.org\",\"@graph\":[{\"@type\":\"WebPage\",\"@id\":\"https:\/\/projectbutterfly.eu\/the-project\/opera-baltycka\/\",\"url\":\"https:\/\/projectbutterfly.eu\/the-project\/opera-baltycka\/\",\"name\":\"Opera Baltycka - Project Butterfly\",\"isPartOf\":{\"@id\":\"https:\/\/projectbutterfly.eu\/fi\/#website\"},\"primaryImageOfPage\":{\"@id\":\"https:\/\/projectbutterfly.eu\/the-project\/opera-baltycka\/#primaryimage\"},\"image\":{\"@id\":\"https:\/\/projectbutterfly.eu\/the-project\/opera-baltycka\/#primaryimage\"},\"thumbnailUrl\":\"https:\/\/projectbutterfly.eu\/wp-content\/uploads\/2023\/06\/image-1-1-e1687980584993.png\",\"datePublished\":\"2023-06-28T19:35:04+00:00\",\"dateModified\":\"2023-06-28T19:39:33+00:00\",\"breadcrumb\":{\"@id\":\"https:\/\/projectbutterfly.eu\/the-project\/opera-baltycka\/#breadcrumb\"},\"inLanguage\":\"fi\",\"potentialAction\":[{\"@type\":\"ReadAction\",\"target\":[\"https:\/\/projectbutterfly.eu\/the-project\/opera-baltycka\/\"]}]},{\"@type\":\"ImageObject\",\"inLanguage\":\"fi\",\"@id\":\"https:\/\/projectbutterfly.eu\/the-project\/opera-baltycka\/#primaryimage\",\"url\":\"https:\/\/projectbutterfly.eu\/wp-content\/uploads\/2023\/06\/image-1-1-e1687980584993.png\",\"contentUrl\":\"https:\/\/projectbutterfly.eu\/wp-content\/uploads\/2023\/06\/image-1-1-e1687980584993.png\"},{\"@type\":\"BreadcrumbList\",\"@id\":\"https:\/\/projectbutterfly.eu\/the-project\/opera-baltycka\/#breadcrumb\",\"itemListElement\":[{\"@type\":\"ListItem\",\"position\":1,\"name\":\"Home\",\"item\":\"https:\/\/projectbutterfly.eu\/\"},{\"@type\":\"ListItem\",\"position\":2,\"name\":\"The project\",\"item\":\"https:\/\/projectbutterfly.eu\/the-project\/\"},{\"@type\":\"ListItem\",\"position\":3,\"name\":\"Opera Baltycka\"}]},{\"@type\":\"WebSite\",\"@id\":\"https:\/\/projectbutterfly.eu\/fi\/#website\",\"url\":\"https:\/\/projectbutterfly.eu\/fi\/\",\"name\":\"Project Butterfly\",\"description\":\"\",\"publisher\":{\"@id\":\"https:\/\/projectbutterfly.eu\/fi\/#organization\"},\"potentialAction\":[{\"@type\":\"SearchAction\",\"target\":{\"@type\":\"EntryPoint\",\"urlTemplate\":\"https:\/\/projectbutterfly.eu\/fi\/?s={search_term_string}\"},\"query-input\":{\"@type\":\"PropertyValueSpecification\",\"valueRequired\":true,\"valueName\":\"search_term_string\"}}],\"inLanguage\":\"fi\"},{\"@type\":\"Organization\",\"@id\":\"https:\/\/projectbutterfly.eu\/fi\/#organization\",\"name\":\"Project Butterfly\",\"url\":\"https:\/\/projectbutterfly.eu\/fi\/\",\"logo\":{\"@type\":\"ImageObject\",\"inLanguage\":\"fi\",\"@id\":\"https:\/\/projectbutterfly.eu\/fi\/#\/schema\/logo\/image\/\",\"url\":\"https:\/\/projectbutterfly.eu\/wp-content\/uploads\/2023\/05\/footer-logo.png\",\"contentUrl\":\"https:\/\/projectbutterfly.eu\/wp-content\/uploads\/2023\/05\/footer-logo.png\",\"width\":122,\"height\":127,\"caption\":\"Project Butterfly\"},\"image\":{\"@id\":\"https:\/\/projectbutterfly.eu\/fi\/#\/schema\/logo\/image\/\"},\"sameAs\":[\"https:\/\/www.facebook.com\/people\/Project-Butterfly-EU\/100090965485383\/\",\"https:\/\/x.com\/butterfly_eu_\",\"https:\/\/www.linkedin.com\/company\/94226560\/admin\/\"]}]}<\/script>\n<!-- \/ Yoast SEO Premium plugin. -->","yoast_head_json":{"title":"Opera Baltycka - Project Butterfly","robots":{"index":"index","follow":"follow","max-snippet":"max-snippet:-1","max-image-preview":"max-image-preview:large","max-video-preview":"max-video-preview:-1"},"canonical":"https:\/\/projectbutterfly.eu\/fi\/the-project\/opera-baltycka\/","og_locale":"fi_FI","og_type":"article","og_title":"Opera Baltycka","og_description":"Opera Baltycka Aleja Zwyci\u0119stwa 15, 80-219 Gda\u0144sk, Poland operabaltycka Follow the teatre on social media Facebook-f Twitter Instagram Tiktok Youtube Based in Gda\u0144sk (Poland), the Baltic Opera is one of the most significant cultural institutions in the Pomerania region. It relies on the work of many operators, including musicians, singers and dancers, as for the [&hellip;]","og_url":"https:\/\/projectbutterfly.eu\/fi\/the-project\/opera-baltycka\/","og_site_name":"Project Butterfly","article_publisher":"https:\/\/www.facebook.com\/people\/Project-Butterfly-EU\/100090965485383\/","article_modified_time":"2023-06-28T19:39:33+00:00","og_image":[{"url":"https:\/\/projectbutterfly.eu\/wp-content\/uploads\/2023\/06\/image-1-1-e1687980584993.png","type":"","width":"","height":""}],"twitter_card":"summary_large_image","twitter_site":"@butterfly_eu_","twitter_misc":{"Arvioitu lukuaika":"2 minuuttia"},"schema":{"@context":"https:\/\/schema.org","@graph":[{"@type":"WebPage","@id":"https:\/\/projectbutterfly.eu\/the-project\/opera-baltycka\/","url":"https:\/\/projectbutterfly.eu\/the-project\/opera-baltycka\/","name":"Opera Baltycka - Project Butterfly","isPartOf":{"@id":"https:\/\/projectbutterfly.eu\/fi\/#website"},"primaryImageOfPage":{"@id":"https:\/\/projectbutterfly.eu\/the-project\/opera-baltycka\/#primaryimage"},"image":{"@id":"https:\/\/projectbutterfly.eu\/the-project\/opera-baltycka\/#primaryimage"},"thumbnailUrl":"https:\/\/projectbutterfly.eu\/wp-content\/uploads\/2023\/06\/image-1-1-e1687980584993.png","datePublished":"2023-06-28T19:35:04+00:00","dateModified":"2023-06-28T19:39:33+00:00","breadcrumb":{"@id":"https:\/\/projectbutterfly.eu\/the-project\/opera-baltycka\/#breadcrumb"},"inLanguage":"fi","potentialAction":[{"@type":"ReadAction","target":["https:\/\/projectbutterfly.eu\/the-project\/opera-baltycka\/"]}]},{"@type":"ImageObject","inLanguage":"fi","@id":"https:\/\/projectbutterfly.eu\/the-project\/opera-baltycka\/#primaryimage","url":"https:\/\/projectbutterfly.eu\/wp-content\/uploads\/2023\/06\/image-1-1-e1687980584993.png","contentUrl":"https:\/\/projectbutterfly.eu\/wp-content\/uploads\/2023\/06\/image-1-1-e1687980584993.png"},{"@type":"BreadcrumbList","@id":"https:\/\/projectbutterfly.eu\/the-project\/opera-baltycka\/#breadcrumb","itemListElement":[{"@type":"ListItem","position":1,"name":"Home","item":"https:\/\/projectbutterfly.eu\/"},{"@type":"ListItem","position":2,"name":"The project","item":"https:\/\/projectbutterfly.eu\/the-project\/"},{"@type":"ListItem","position":3,"name":"Opera Baltycka"}]},{"@type":"WebSite","@id":"https:\/\/projectbutterfly.eu\/fi\/#website","url":"https:\/\/projectbutterfly.eu\/fi\/","name":"Project Butterfly","description":"","publisher":{"@id":"https:\/\/projectbutterfly.eu\/fi\/#organization"},"potentialAction":[{"@type":"SearchAction","target":{"@type":"EntryPoint","urlTemplate":"https:\/\/projectbutterfly.eu\/fi\/?s={search_term_string}"},"query-input":{"@type":"PropertyValueSpecification","valueRequired":true,"valueName":"search_term_string"}}],"inLanguage":"fi"},{"@type":"Organization","@id":"https:\/\/projectbutterfly.eu\/fi\/#organization","name":"Project Butterfly","url":"https:\/\/projectbutterfly.eu\/fi\/","logo":{"@type":"ImageObject","inLanguage":"fi","@id":"https:\/\/projectbutterfly.eu\/fi\/#\/schema\/logo\/image\/","url":"https:\/\/projectbutterfly.eu\/wp-content\/uploads\/2023\/05\/footer-logo.png","contentUrl":"https:\/\/projectbutterfly.eu\/wp-content\/uploads\/2023\/05\/footer-logo.png","width":122,"height":127,"caption":"Project Butterfly"},"image":{"@id":"https:\/\/projectbutterfly.eu\/fi\/#\/schema\/logo\/image\/"},"sameAs":["https:\/\/www.facebook.com\/people\/Project-Butterfly-EU\/100090965485383\/","https:\/\/x.com\/butterfly_eu_","https:\/\/www.linkedin.com\/company\/94226560\/admin\/"]}]}},"_links":{"self":[{"href":"https:\/\/projectbutterfly.eu\/fi\/wp-json\/wp\/v2\/pages\/2206","targetHints":{"allow":["GET"]}}],"collection":[{"href":"https:\/\/projectbutterfly.eu\/fi\/wp-json\/wp\/v2\/pages"}],"about":[{"href":"https:\/\/projectbutterfly.eu\/fi\/wp-json\/wp\/v2\/types\/page"}],"author":[{"embeddable":true,"href":"https:\/\/projectbutterfly.eu\/fi\/wp-json\/wp\/v2\/users\/4"}],"replies":[{"embeddable":true,"href":"https:\/\/projectbutterfly.eu\/fi\/wp-json\/wp\/v2\/comments?post=2206"}],"version-history":[{"count":11,"href":"https:\/\/projectbutterfly.eu\/fi\/wp-json\/wp\/v2\/pages\/2206\/revisions"}],"predecessor-version":[{"id":2219,"href":"https:\/\/projectbutterfly.eu\/fi\/wp-json\/wp\/v2\/pages\/2206\/revisions\/2219"}],"up":[{"embeddable":true,"href":"https:\/\/projectbutterfly.eu\/fi\/wp-json\/wp\/v2\/pages\/905"}],"wp:attachment":[{"href":"https:\/\/projectbutterfly.eu\/fi\/wp-json\/wp\/v2\/media?parent=2206"}],"curies":[{"name":"wp","href":"https:\/\/api.w.org\/{rel}","templated":true}]}}