{"id":1255,"date":"2023-05-26T16:55:05","date_gmt":"2023-05-26T16:55:05","guid":{"rendered":"https:\/\/projectbutterfly.eu\/?page_id=1255"},"modified":"2023-06-28T19:49:23","modified_gmt":"2023-06-28T19:49:23","slug":"teatro-comunaledi-modena","status":"publish","type":"page","link":"https:\/\/projectbutterfly.eu\/pl\/the-project\/teatro-comunaledi-modena\/","title":{"rendered":"Teatro comunaledi Modena"},"content":{"rendered":"<div data-elementor-type=\"wp-page\" data-elementor-id=\"1255\" class=\"elementor elementor-1255\" data-elementor-post-type=\"page\">\n\t\t\t\t<div class=\"elementor-element elementor-element-04c1df2 e-con-full e-flex e-con e-parent\" data-id=\"04c1df2\" data-element_type=\"container\" data-e-type=\"container\">\n\t\t<div class=\"elementor-element elementor-element-9a022bf e-con-full e-flex e-con e-child\" data-id=\"9a022bf\" data-element_type=\"container\" data-e-type=\"container\">\n\t\t<div class=\"elementor-element elementor-element-9491232 e-flex e-con-boxed e-con e-child\" data-id=\"9491232\" data-element_type=\"container\" data-e-type=\"container\" data-settings=\"{&quot;background_background&quot;:&quot;classic&quot;}\">\n\t\t\t\t\t<div class=\"e-con-inner\">\n\t\t\t\t<div class=\"elementor-element elementor-element-9347653 elementor-widget elementor-widget-heading\" data-id=\"9347653\" data-element_type=\"widget\" data-e-type=\"widget\" data-widget_type=\"heading.default\">\n\t\t\t\t<div class=\"elementor-widget-container\">\n\t\t\t\t\t<h2 class=\"elementor-heading-title elementor-size-default\">Teatro comunale <br>\ndi Modena \n<br>\n<br><\/h2>\t\t\t\t<\/div>\n\t\t\t\t<\/div>\n\t\t\t\t\t<\/div>\n\t\t\t\t<\/div>\n\t\t\t\t<\/div>\n\t\t\t\t<\/div>\n\t\t<div class=\"elementor-element elementor-element-cdf5fec e-flex e-con-boxed e-con e-parent\" data-id=\"cdf5fec\" data-element_type=\"container\" data-e-type=\"container\">\n\t\t\t\t\t<div class=\"e-con-inner\">\n\t\t<div class=\"elementor-element elementor-element-195cb9f e-flex e-con-boxed e-con e-child\" data-id=\"195cb9f\" data-element_type=\"container\" data-e-type=\"container\">\n\t\t\t\t\t<div class=\"e-con-inner\">\n\t\t<div class=\"elementor-element elementor-element-a1a227a e-flex e-con-boxed e-con e-child\" data-id=\"a1a227a\" data-element_type=\"container\" data-e-type=\"container\" data-settings=\"{&quot;background_background&quot;:&quot;classic&quot;}\">\n\t\t\t\t\t<div class=\"e-con-inner\">\n\t\t\t\t<div class=\"elementor-element elementor-element-7031583 elementor-icon-list--layout-traditional elementor-list-item-link-full_width elementor-widget elementor-widget-icon-list\" data-id=\"7031583\" data-element_type=\"widget\" data-e-type=\"widget\" data-widget_type=\"icon-list.default\">\n\t\t\t\t<div class=\"elementor-widget-container\">\n\t\t\t\t\t\t\t<ul class=\"elementor-icon-list-items\">\n\t\t\t\t\t\t\t<li class=\"elementor-icon-list-item\">\n\t\t\t\t\t\t\t\t\t\t\t<span class=\"elementor-icon-list-icon\">\n\t\t\t\t\t\t\t<i aria-hidden=\"true\" class=\"fas fa-map-marker-alt\"><\/i>\t\t\t\t\t\t<\/span>\n\t\t\t\t\t\t\t\t\t\t<span class=\"elementor-icon-list-text\">Via del Teatro 8 \u2013 41121 Modena, Italy<\/span>\n\t\t\t\t\t\t\t\t\t<\/li>\n\t\t\t\t\t\t\t\t<li class=\"elementor-icon-list-item\">\n\t\t\t\t\t\t\t\t\t\t\t<a href=\"https:\/\/teatrocomunalemodena.it\/\">\n\n\t\t\t\t\t\t\t\t\t\t\t\t<span class=\"elementor-icon-list-icon\">\n\t\t\t\t\t\t\t<i aria-hidden=\"true\" class=\"fas fa-globe\"><\/i>\t\t\t\t\t\t<\/span>\n\t\t\t\t\t\t\t\t\t\t<span class=\"elementor-icon-list-text\">teatrocomunalemodena<\/span>\n\t\t\t\t\t\t\t\t\t\t\t<\/a>\n\t\t\t\t\t\t\t\t\t<\/li>\n\t\t\t\t\t\t<\/ul>\n\t\t\t\t\t\t<\/div>\n\t\t\t\t<\/div>\n\t\t\t\t\t<\/div>\n\t\t\t\t<\/div>\n\t\t<div class=\"elementor-element elementor-element-0c39553 e-flex e-con-boxed e-con e-child\" data-id=\"0c39553\" data-element_type=\"container\" data-e-type=\"container\" data-settings=\"{&quot;background_background&quot;:&quot;classic&quot;}\">\n\t\t\t\t\t<div class=\"e-con-inner\">\n\t\t\t\t<div class=\"elementor-element elementor-element-53ae3bb elementor-widget elementor-widget-heading\" data-id=\"53ae3bb\" data-element_type=\"widget\" data-e-type=\"widget\" data-widget_type=\"heading.default\">\n\t\t\t\t<div class=\"elementor-widget-container\">\n\t\t\t\t\t<h2 class=\"elementor-heading-title elementor-size-default\">\u015aled\u017a teatr w mediach spo\u0142eczno\u015bciowych <\/h2>\t\t\t\t<\/div>\n\t\t\t\t<\/div>\n\t\t\t\t<div class=\"elementor-element elementor-element-fcf524c elementor-shape-rounded elementor-grid-0 e-grid-align-center elementor-widget elementor-widget-social-icons\" data-id=\"fcf524c\" data-element_type=\"widget\" data-e-type=\"widget\" data-widget_type=\"social-icons.default\">\n\t\t\t\t<div class=\"elementor-widget-container\">\n\t\t\t\t\t\t\t<div class=\"elementor-social-icons-wrapper elementor-grid\" role=\"list\">\n\t\t\t\t\t\t\t<span class=\"elementor-grid-item\" role=\"listitem\">\n\t\t\t\t\t<a class=\"elementor-icon elementor-social-icon elementor-social-icon-facebook-f elementor-repeater-item-f83238e\" href=\"https:\/\/www.facebook.com\/teatro.modena\" target=\"_blank\">\n\t\t\t\t\t\t<span class=\"elementor-screen-only\">Facebook-f<\/span>\n\t\t\t\t\t\t<i aria-hidden=\"true\" class=\"fab fa-facebook-f\"><\/i>\t\t\t\t\t<\/a>\n\t\t\t\t<\/span>\n\t\t\t\t\t\t\t<span class=\"elementor-grid-item\" role=\"listitem\">\n\t\t\t\t\t<a class=\"elementor-icon elementor-social-icon elementor-social-icon-twitter elementor-repeater-item-9620e2a\" target=\"_blank\">\n\t\t\t\t\t\t<span class=\"elementor-screen-only\">Twitter<\/span>\n\t\t\t\t\t\t<i aria-hidden=\"true\" class=\"fab fa-twitter\"><\/i>\t\t\t\t\t<\/a>\n\t\t\t\t<\/span>\n\t\t\t\t\t\t\t<span class=\"elementor-grid-item\" role=\"listitem\">\n\t\t\t\t\t<a class=\"elementor-icon elementor-social-icon elementor-social-icon-instagram elementor-repeater-item-0a24210\" href=\"https:\/\/www.instagram.com\/teatrocomunalemodena\/\" target=\"_blank\">\n\t\t\t\t\t\t<span class=\"elementor-screen-only\">Instagram<\/span>\n\t\t\t\t\t\t<i aria-hidden=\"true\" class=\"fab fa-instagram\"><\/i>\t\t\t\t\t<\/a>\n\t\t\t\t<\/span>\n\t\t\t\t\t\t\t<span class=\"elementor-grid-item\" role=\"listitem\">\n\t\t\t\t\t<a class=\"elementor-icon elementor-social-icon elementor-social-icon-tiktok elementor-repeater-item-5b3f4a9\" target=\"_blank\">\n\t\t\t\t\t\t<span class=\"elementor-screen-only\">Tiktok<\/span>\n\t\t\t\t\t\t<i aria-hidden=\"true\" class=\"fab fa-tiktok\"><\/i>\t\t\t\t\t<\/a>\n\t\t\t\t<\/span>\n\t\t\t\t\t\t\t<span class=\"elementor-grid-item\" role=\"listitem\">\n\t\t\t\t\t<a class=\"elementor-icon elementor-social-icon elementor-social-icon-youtube elementor-repeater-item-81b040b\" href=\"https:\/\/www.youtube.com\/user\/tcpavarotti\" target=\"_blank\">\n\t\t\t\t\t\t<span class=\"elementor-screen-only\">Youtube<\/span>\n\t\t\t\t\t\t<i aria-hidden=\"true\" class=\"fab fa-youtube\"><\/i>\t\t\t\t\t<\/a>\n\t\t\t\t<\/span>\n\t\t\t\t\t<\/div>\n\t\t\t\t\t\t<\/div>\n\t\t\t\t<\/div>\n\t\t\t\t\t<\/div>\n\t\t\t\t<\/div>\n\t\t<div class=\"elementor-element elementor-element-4b80be7 e-flex e-con-boxed e-con e-child\" data-id=\"4b80be7\" data-element_type=\"container\" data-e-type=\"container\" data-settings=\"{&quot;background_background&quot;:&quot;classic&quot;}\">\n\t\t\t\t\t<div class=\"e-con-inner\">\n\t\t\t\t<div class=\"elementor-element elementor-element-98d6840 elementor-widget elementor-widget-image\" data-id=\"98d6840\" data-element_type=\"widget\" data-e-type=\"widget\" data-widget_type=\"image.default\">\n\t\t\t\t<div class=\"elementor-widget-container\">\n\t\t\t\t\t\t\t\t\t\t\t\t\t\t\t<img fetchpriority=\"high\" decoding=\"async\" width=\"717\" height=\"638\" src=\"https:\/\/projectbutterfly.eu\/wp-content\/uploads\/2023\/06\/image-1.png\" class=\"attachment-large size-large wp-image-2090\" alt=\"\" srcset=\"https:\/\/projectbutterfly.eu\/wp-content\/uploads\/2023\/06\/image-1.png 717w, https:\/\/projectbutterfly.eu\/wp-content\/uploads\/2023\/06\/image-1-300x267.png 300w, https:\/\/projectbutterfly.eu\/wp-content\/uploads\/2023\/06\/image-1-13x12.png 13w\" sizes=\"(max-width: 717px) 100vw, 717px\" \/>\t\t\t\t\t\t\t\t\t\t\t\t\t\t\t<\/div>\n\t\t\t\t<\/div>\n\t\t\t\t\t<\/div>\n\t\t\t\t<\/div>\n\t\t\t\t\t<\/div>\n\t\t\t\t<\/div>\n\t\t\t\t\t<\/div>\n\t\t\t\t<\/div>\n\t\t<div class=\"elementor-element elementor-element-02aeaba e-flex e-con-boxed e-con e-parent\" data-id=\"02aeaba\" data-element_type=\"container\" data-e-type=\"container\">\n\t\t\t\t\t<div class=\"e-con-inner\">\n\t\t\t\t<div class=\"elementor-element elementor-element-7414d85 elementor-widget elementor-widget-text-editor\" data-id=\"7414d85\" data-element_type=\"widget\" data-e-type=\"widget\" data-widget_type=\"text-editor.default\">\n\t\t\t\t<div class=\"elementor-widget-container\">\n\t\t\t\t\t\t\t\t\t<p><span style=\"font-weight: 400;\">Teatro Comunale di Modena, zbudowany\n\u201edla ozdoby miasta i upowszechniania\nsztuki scenicznej&quot;, zosta\u0142 oficjalnie otwarty\nw 1841 roku. Jest to jeden z najbardziej\npresti\u017cowych w\u0142oskich teatr\u00f3w ze wzgl\u0119du\nna swoj\u0105 architektur\u0119 z typow\u0105 \u201esala\nall&#039;italiana&quot;, kt\u00f3rego pierwotna elegancja i\nwyj\u0105tkowo\u015b\u0107 pozosta\u0142y nienaruszone, a\ntak\u017ce ze wzgl\u0119du na bogaty roczny program\nartystyczny. Ka\u017cdy sezon obejmuje oper\u0119,\nbalet i koncerty.\u00a0<\/span><\/p><p><span style=\"font-weight: 400;\">Pomimo d\u0142ugiej i bogatej historii, Teatro\nComunale di Modena jest miejscem, w\nkt\u00f3rym tradycja spotyka si\u0119 ze\nwsp\u00f3\u0142czesno\u015bci\u0105. Teatr koncentruje si\u0119 na\nartystycznej i kulturalnej wymianie\npomys\u0142\u00f3w i j\u0119zyk\u00f3w. Jego program\nprezentuje arcydzie\u0142a z repertuaru\noperowego i baletowego oraz nowoczesne i\nwsp\u00f3\u0142czesne spektakle, kt\u00f3re zapewniaj\u0105 nowe sposoby wystawiania przedstawie\u0144 i\ndo\u015bwiadczania teatru.<\/span><\/p><p><span style=\"font-weight: 400;\">Teatr nosi nazw\u0119 Teatro Comunale Pavarotti-Freni, na pami\u0105tk\u0119 wielkich mode\u0144skich \u015bpiewak\u00f3w operowych, Luciano Pavarottiego i Mirelli Freni.\u00a0<\/span><\/p><p><span style=\"font-weight: 400;\">Pod portykiem teatru stoi naturalnej\nwielko\u015bci pos\u0105g tenora Luciano Pavarottiego, u\u015bmiechaj\u0105cego si\u0119 z wyci\u0105gni\u0119tymi ramionami i fularem w lewej d\u0142oni, w typowej dla niego postawie pozdrawiania publiczno\u015bci po wyst\u0119pach.<\/span><\/p><p><span style=\"font-weight: 400;\">Teatro Comunale di Modena stara si\u0119 zach\u0119ca\u0107 nowe pokolenia do teatru, organizuj\u0105c przedstawienia dla szk\u00f3\u0142 i wysoce wyspecjalizowane warsztaty dla \u015bpiewak\u00f3w operowych.<\/span><\/p><p><a href=\"https:\/\/www.youtube.com\/watch?v=2Ox_VBUGOl4\"><span style=\"font-weight: 400;\">Tutaj <\/span><\/a><span style=\"font-weight: 400;\">g\u0142\u00f3wnych dzia\u0142a\u0144 teatru.<\/span><\/p><p><span style=\"font-weight: 400;\">Naci\u015bnij <\/span><a href=\"https:\/\/www.youtube.com\/watch?v=M86uGU_-itM\"><span style=\"font-weight: 400;\">tutaj <\/span><\/a><span style=\"font-weight: 400;\">aby odkry\u0107 zwi\u0105zek mi\u0119dzy Teatro Comunale di Modena a miastem.<\/span><\/p>\t\t\t\t\t\t\t\t<\/div>\n\t\t\t\t<\/div>\n\t\t\t\t\t<\/div>\n\t\t\t\t<\/div>\n\t\t<div class=\"elementor-element elementor-element-3d97e8f e-flex e-con-boxed e-con e-parent\" data-id=\"3d97e8f\" data-element_type=\"container\" data-e-type=\"container\">\n\t\t\t\t\t<div class=\"e-con-inner\">\n\t\t<div class=\"elementor-element elementor-element-4fc827f e-con-full e-flex e-con e-child\" data-id=\"4fc827f\" data-element_type=\"container\" data-e-type=\"container\">\n\t\t\t\t<div class=\"elementor-element elementor-element-89918ae elementor-widget elementor-widget-image\" data-id=\"89918ae\" data-element_type=\"widget\" data-e-type=\"widget\" data-widget_type=\"image.default\">\n\t\t\t\t<div class=\"elementor-widget-container\">\n\t\t\t\t\t\t\t\t\t\t\t\t\t\t\t<img decoding=\"async\" width=\"300\" height=\"263\" src=\"https:\/\/projectbutterfly.eu\/wp-content\/uploads\/2023\/06\/Untitled-design-7-e1687944572208-300x263.png\" class=\"attachment-medium size-medium wp-image-2138\" alt=\"\" srcset=\"https:\/\/projectbutterfly.eu\/wp-content\/uploads\/2023\/06\/Untitled-design-7-e1687944572208-300x263.png 300w, https:\/\/projectbutterfly.eu\/wp-content\/uploads\/2023\/06\/Untitled-design-7-e1687944572208-14x12.png 14w, https:\/\/projectbutterfly.eu\/wp-content\/uploads\/2023\/06\/Untitled-design-7-e1687944572208.png 768w\" sizes=\"(max-width: 300px) 100vw, 300px\" \/>\t\t\t\t\t\t\t\t\t\t\t\t\t\t\t<\/div>\n\t\t\t\t<\/div>\n\t\t\t\t<\/div>\n\t\t<div class=\"elementor-element elementor-element-bb9fdc3 e-con-full e-flex e-con e-child\" data-id=\"bb9fdc3\" data-element_type=\"container\" data-e-type=\"container\">\n\t\t\t\t<div class=\"elementor-element elementor-element-f1f1547 elementor-widget elementor-widget-image\" data-id=\"f1f1547\" data-element_type=\"widget\" data-e-type=\"widget\" data-widget_type=\"image.default\">\n\t\t\t\t<div class=\"elementor-widget-container\">\n\t\t\t\t\t\t\t\t\t\t\t\t\t\t\t<img decoding=\"async\" width=\"300\" height=\"263\" src=\"https:\/\/projectbutterfly.eu\/wp-content\/uploads\/2023\/06\/Untitled-design-6-e1687944974866-300x263.png\" class=\"attachment-medium size-medium wp-image-2139\" alt=\"\" srcset=\"https:\/\/projectbutterfly.eu\/wp-content\/uploads\/2023\/06\/Untitled-design-6-e1687944974866-300x263.png 300w, https:\/\/projectbutterfly.eu\/wp-content\/uploads\/2023\/06\/Untitled-design-6-e1687944974866-14x12.png 14w, https:\/\/projectbutterfly.eu\/wp-content\/uploads\/2023\/06\/Untitled-design-6-e1687944974866.png 768w\" sizes=\"(max-width: 300px) 100vw, 300px\" \/>\t\t\t\t\t\t\t\t\t\t\t\t\t\t\t<\/div>\n\t\t\t\t<\/div>\n\t\t\t\t<\/div>\n\t\t\t\t\t<\/div>\n\t\t\t\t<\/div>\n\t\t\t\t<\/div>","protected":false},"excerpt":{"rendered":"<p>Teatro comunale di Modena Via del Teatro 8 \u2013 41121 Modena, Italy teatrocomunalemodena Follow the teatre on social media Facebook-f Twitter Instagram Tiktok Youtube The Teatro Comunale di Modena, built &#8220;for the decorum of the city and the transmission of the scenic arts&#8221;, was officially opened in 1841. It is one of the most prestigious [&hellip;]<\/p>\n","protected":false},"author":4,"featured_media":0,"parent":905,"menu_order":0,"comment_status":"closed","ping_status":"closed","template":"elementor_header_footer","meta":{"_acf_changed":false,"nf_dc_page":"","_monsterinsights_skip_tracking":false,"_monsterinsights_sitenote_active":false,"_monsterinsights_sitenote_note":"","_monsterinsights_sitenote_category":0,"footnotes":""},"class_list":["post-1255","page","type-page","status-publish","hentry"],"acf":[],"yoast_head":"<!-- This site is optimized with the Yoast SEO Premium plugin v20.10 (Yoast SEO v27.2) - https:\/\/yoast.com\/product\/yoast-seo-premium-wordpress\/ -->\n<title>Teatro comunaledi Modena - Project Butterfly<\/title>\n<meta name=\"robots\" content=\"index, follow, max-snippet:-1, max-image-preview:large, max-video-preview:-1\" \/>\n<link rel=\"canonical\" href=\"https:\/\/projectbutterfly.eu\/pl\/the-project\/teatro-comunaledi-modena\/\" \/>\n<meta property=\"og:locale\" content=\"pl_PL\" \/>\n<meta property=\"og:type\" content=\"article\" \/>\n<meta property=\"og:title\" content=\"Teatro comunaledi Modena\" \/>\n<meta property=\"og:description\" content=\"Teatro comunale di Modena Via del Teatro 8 \u2013 41121 Modena, Italy teatrocomunalemodena Follow the teatre on social media Facebook-f Twitter Instagram Tiktok Youtube The Teatro Comunale di Modena, built &#8220;for the decorum of the city and the transmission of the scenic arts&#8221;, was officially opened in 1841. It is one of the most prestigious [&hellip;]\" \/>\n<meta property=\"og:url\" content=\"https:\/\/projectbutterfly.eu\/pl\/the-project\/teatro-comunaledi-modena\/\" \/>\n<meta property=\"og:site_name\" content=\"Project Butterfly\" \/>\n<meta property=\"article:publisher\" content=\"https:\/\/www.facebook.com\/people\/Project-Butterfly-EU\/100090965485383\/\" \/>\n<meta property=\"article:modified_time\" content=\"2023-06-28T19:49:23+00:00\" \/>\n<meta property=\"og:image\" content=\"https:\/\/projectbutterfly.eu\/wp-content\/uploads\/2023\/06\/image-1.png\" \/>\n<meta name=\"twitter:card\" content=\"summary_large_image\" \/>\n<meta name=\"twitter:site\" content=\"@butterfly_eu_\" \/>\n<meta name=\"twitter:label1\" content=\"Szacowany czas czytania\" \/>\n\t<meta name=\"twitter:data1\" content=\"2 minuty\" \/>\n<script type=\"application\/ld+json\" class=\"yoast-schema-graph\">{\"@context\":\"https:\/\/schema.org\",\"@graph\":[{\"@type\":\"WebPage\",\"@id\":\"https:\/\/projectbutterfly.eu\/the-project\/teatro-comunaledi-modena\/\",\"url\":\"https:\/\/projectbutterfly.eu\/the-project\/teatro-comunaledi-modena\/\",\"name\":\"Teatro comunaledi Modena - Project Butterfly\",\"isPartOf\":{\"@id\":\"https:\/\/projectbutterfly.eu\/fi\/#website\"},\"primaryImageOfPage\":{\"@id\":\"https:\/\/projectbutterfly.eu\/the-project\/teatro-comunaledi-modena\/#primaryimage\"},\"image\":{\"@id\":\"https:\/\/projectbutterfly.eu\/the-project\/teatro-comunaledi-modena\/#primaryimage\"},\"thumbnailUrl\":\"https:\/\/projectbutterfly.eu\/wp-content\/uploads\/2023\/06\/image-1.png\",\"datePublished\":\"2023-05-26T16:55:05+00:00\",\"dateModified\":\"2023-06-28T19:49:23+00:00\",\"breadcrumb\":{\"@id\":\"https:\/\/projectbutterfly.eu\/the-project\/teatro-comunaledi-modena\/#breadcrumb\"},\"inLanguage\":\"pl-PL\",\"potentialAction\":[{\"@type\":\"ReadAction\",\"target\":[\"https:\/\/projectbutterfly.eu\/the-project\/teatro-comunaledi-modena\/\"]}]},{\"@type\":\"ImageObject\",\"inLanguage\":\"pl-PL\",\"@id\":\"https:\/\/projectbutterfly.eu\/the-project\/teatro-comunaledi-modena\/#primaryimage\",\"url\":\"https:\/\/projectbutterfly.eu\/wp-content\/uploads\/2023\/06\/image-1.png\",\"contentUrl\":\"https:\/\/projectbutterfly.eu\/wp-content\/uploads\/2023\/06\/image-1.png\"},{\"@type\":\"BreadcrumbList\",\"@id\":\"https:\/\/projectbutterfly.eu\/the-project\/teatro-comunaledi-modena\/#breadcrumb\",\"itemListElement\":[{\"@type\":\"ListItem\",\"position\":1,\"name\":\"Home\",\"item\":\"https:\/\/projectbutterfly.eu\/\"},{\"@type\":\"ListItem\",\"position\":2,\"name\":\"The project\",\"item\":\"https:\/\/projectbutterfly.eu\/the-project\/\"},{\"@type\":\"ListItem\",\"position\":3,\"name\":\"Teatro comunaledi Modena\"}]},{\"@type\":\"WebSite\",\"@id\":\"https:\/\/projectbutterfly.eu\/fi\/#website\",\"url\":\"https:\/\/projectbutterfly.eu\/fi\/\",\"name\":\"Project Butterfly\",\"description\":\"\",\"publisher\":{\"@id\":\"https:\/\/projectbutterfly.eu\/fi\/#organization\"},\"potentialAction\":[{\"@type\":\"SearchAction\",\"target\":{\"@type\":\"EntryPoint\",\"urlTemplate\":\"https:\/\/projectbutterfly.eu\/fi\/?s={search_term_string}\"},\"query-input\":{\"@type\":\"PropertyValueSpecification\",\"valueRequired\":true,\"valueName\":\"search_term_string\"}}],\"inLanguage\":\"pl-PL\"},{\"@type\":\"Organization\",\"@id\":\"https:\/\/projectbutterfly.eu\/fi\/#organization\",\"name\":\"Project Butterfly\",\"url\":\"https:\/\/projectbutterfly.eu\/fi\/\",\"logo\":{\"@type\":\"ImageObject\",\"inLanguage\":\"pl-PL\",\"@id\":\"https:\/\/projectbutterfly.eu\/fi\/#\/schema\/logo\/image\/\",\"url\":\"https:\/\/projectbutterfly.eu\/wp-content\/uploads\/2023\/05\/footer-logo.png\",\"contentUrl\":\"https:\/\/projectbutterfly.eu\/wp-content\/uploads\/2023\/05\/footer-logo.png\",\"width\":122,\"height\":127,\"caption\":\"Project Butterfly\"},\"image\":{\"@id\":\"https:\/\/projectbutterfly.eu\/fi\/#\/schema\/logo\/image\/\"},\"sameAs\":[\"https:\/\/www.facebook.com\/people\/Project-Butterfly-EU\/100090965485383\/\",\"https:\/\/x.com\/butterfly_eu_\",\"https:\/\/www.linkedin.com\/company\/94226560\/admin\/\"]}]}<\/script>\n<!-- \/ Yoast SEO Premium plugin. -->","yoast_head_json":{"title":"Teatro comunaledi Modena - Project Butterfly","robots":{"index":"index","follow":"follow","max-snippet":"max-snippet:-1","max-image-preview":"max-image-preview:large","max-video-preview":"max-video-preview:-1"},"canonical":"https:\/\/projectbutterfly.eu\/pl\/the-project\/teatro-comunaledi-modena\/","og_locale":"pl_PL","og_type":"article","og_title":"Teatro comunaledi Modena","og_description":"Teatro comunale di Modena Via del Teatro 8 \u2013 41121 Modena, Italy teatrocomunalemodena Follow the teatre on social media Facebook-f Twitter Instagram Tiktok Youtube The Teatro Comunale di Modena, built &#8220;for the decorum of the city and the transmission of the scenic arts&#8221;, was officially opened in 1841. It is one of the most prestigious [&hellip;]","og_url":"https:\/\/projectbutterfly.eu\/pl\/the-project\/teatro-comunaledi-modena\/","og_site_name":"Project Butterfly","article_publisher":"https:\/\/www.facebook.com\/people\/Project-Butterfly-EU\/100090965485383\/","article_modified_time":"2023-06-28T19:49:23+00:00","og_image":[{"url":"https:\/\/projectbutterfly.eu\/wp-content\/uploads\/2023\/06\/image-1.png","type":"","width":"","height":""}],"twitter_card":"summary_large_image","twitter_site":"@butterfly_eu_","twitter_misc":{"Szacowany czas czytania":"2 minuty"},"schema":{"@context":"https:\/\/schema.org","@graph":[{"@type":"WebPage","@id":"https:\/\/projectbutterfly.eu\/the-project\/teatro-comunaledi-modena\/","url":"https:\/\/projectbutterfly.eu\/the-project\/teatro-comunaledi-modena\/","name":"Teatro comunaledi Modena - Project Butterfly","isPartOf":{"@id":"https:\/\/projectbutterfly.eu\/fi\/#website"},"primaryImageOfPage":{"@id":"https:\/\/projectbutterfly.eu\/the-project\/teatro-comunaledi-modena\/#primaryimage"},"image":{"@id":"https:\/\/projectbutterfly.eu\/the-project\/teatro-comunaledi-modena\/#primaryimage"},"thumbnailUrl":"https:\/\/projectbutterfly.eu\/wp-content\/uploads\/2023\/06\/image-1.png","datePublished":"2023-05-26T16:55:05+00:00","dateModified":"2023-06-28T19:49:23+00:00","breadcrumb":{"@id":"https:\/\/projectbutterfly.eu\/the-project\/teatro-comunaledi-modena\/#breadcrumb"},"inLanguage":"pl-PL","potentialAction":[{"@type":"ReadAction","target":["https:\/\/projectbutterfly.eu\/the-project\/teatro-comunaledi-modena\/"]}]},{"@type":"ImageObject","inLanguage":"pl-PL","@id":"https:\/\/projectbutterfly.eu\/the-project\/teatro-comunaledi-modena\/#primaryimage","url":"https:\/\/projectbutterfly.eu\/wp-content\/uploads\/2023\/06\/image-1.png","contentUrl":"https:\/\/projectbutterfly.eu\/wp-content\/uploads\/2023\/06\/image-1.png"},{"@type":"BreadcrumbList","@id":"https:\/\/projectbutterfly.eu\/the-project\/teatro-comunaledi-modena\/#breadcrumb","itemListElement":[{"@type":"ListItem","position":1,"name":"Home","item":"https:\/\/projectbutterfly.eu\/"},{"@type":"ListItem","position":2,"name":"The project","item":"https:\/\/projectbutterfly.eu\/the-project\/"},{"@type":"ListItem","position":3,"name":"Teatro comunaledi Modena"}]},{"@type":"WebSite","@id":"https:\/\/projectbutterfly.eu\/fi\/#website","url":"https:\/\/projectbutterfly.eu\/fi\/","name":"Project Butterfly","description":"","publisher":{"@id":"https:\/\/projectbutterfly.eu\/fi\/#organization"},"potentialAction":[{"@type":"SearchAction","target":{"@type":"EntryPoint","urlTemplate":"https:\/\/projectbutterfly.eu\/fi\/?s={search_term_string}"},"query-input":{"@type":"PropertyValueSpecification","valueRequired":true,"valueName":"search_term_string"}}],"inLanguage":"pl-PL"},{"@type":"Organization","@id":"https:\/\/projectbutterfly.eu\/fi\/#organization","name":"Project Butterfly","url":"https:\/\/projectbutterfly.eu\/fi\/","logo":{"@type":"ImageObject","inLanguage":"pl-PL","@id":"https:\/\/projectbutterfly.eu\/fi\/#\/schema\/logo\/image\/","url":"https:\/\/projectbutterfly.eu\/wp-content\/uploads\/2023\/05\/footer-logo.png","contentUrl":"https:\/\/projectbutterfly.eu\/wp-content\/uploads\/2023\/05\/footer-logo.png","width":122,"height":127,"caption":"Project Butterfly"},"image":{"@id":"https:\/\/projectbutterfly.eu\/fi\/#\/schema\/logo\/image\/"},"sameAs":["https:\/\/www.facebook.com\/people\/Project-Butterfly-EU\/100090965485383\/","https:\/\/x.com\/butterfly_eu_","https:\/\/www.linkedin.com\/company\/94226560\/admin\/"]}]}},"_links":{"self":[{"href":"https:\/\/projectbutterfly.eu\/pl\/wp-json\/wp\/v2\/pages\/1255","targetHints":{"allow":["GET"]}}],"collection":[{"href":"https:\/\/projectbutterfly.eu\/pl\/wp-json\/wp\/v2\/pages"}],"about":[{"href":"https:\/\/projectbutterfly.eu\/pl\/wp-json\/wp\/v2\/types\/page"}],"author":[{"embeddable":true,"href":"https:\/\/projectbutterfly.eu\/pl\/wp-json\/wp\/v2\/users\/4"}],"replies":[{"embeddable":true,"href":"https:\/\/projectbutterfly.eu\/pl\/wp-json\/wp\/v2\/comments?post=1255"}],"version-history":[{"count":20,"href":"https:\/\/projectbutterfly.eu\/pl\/wp-json\/wp\/v2\/pages\/1255\/revisions"}],"predecessor-version":[{"id":2233,"href":"https:\/\/projectbutterfly.eu\/pl\/wp-json\/wp\/v2\/pages\/1255\/revisions\/2233"}],"up":[{"embeddable":true,"href":"https:\/\/projectbutterfly.eu\/pl\/wp-json\/wp\/v2\/pages\/905"}],"wp:attachment":[{"href":"https:\/\/projectbutterfly.eu\/pl\/wp-json\/wp\/v2\/media?parent=1255"}],"curies":[{"name":"wp","href":"https:\/\/api.w.org\/{rel}","templated":true}]}}